{"id":4044,"date":"2025-12-13T05:48:47","date_gmt":"2025-12-13T05:48:47","guid":{"rendered":"https:\/\/dev255.kodesolution.com\/ecovera\/?page_id=4044"},"modified":"2026-01-05T17:00:47","modified_gmt":"2026-01-05T16:00:47","slug":"a-propos","status":"publish","type":"page","link":"https:\/\/www.commcie.bj\/index.php\/a-propos\/","title":{"rendered":"A propos"},"content":{"rendered":"\t\t<div data-elementor-type=\"wp-page\" data-elementor-id=\"4044\" class=\"elementor elementor-4044\">\n\t\t\t\t<div class=\"elementor-element elementor-element-f6aab7f e-con-full e-flex tm-col-stretched-none tm-bg-color-over-image e-con e-parent\" data-id=\"f6aab7f\" data-element_type=\"container\">\n\t\t<div class=\"elementor-element elementor-element-da7e02b e-con-full e-flex tm-col-stretched-none tm-bg-color-over-image e-con e-child\" data-id=\"da7e02b\" data-element_type=\"container\">\n\t\t<div class=\"elementor-element elementor-element-05965a5 e-con-full e-flex tm-col-stretched-none tm-bg-color-over-image e-con e-child\" data-id=\"05965a5\" data-element_type=\"container\">\n\t\t<div class=\"elementor-element elementor-element-338849d e-con-full e-flex tm-col-stretched-none tm-bg-color-over-image e-con e-child\" data-id=\"338849d\" data-element_type=\"container\">\n\t\t\t\t<div class=\"elementor-element elementor-element-1a06e45 horizontal-line-align-left vertical-line-align-bottom elementor-widget elementor-widget-tm-ele-section-title\" data-id=\"1a06e45\" data-element_type=\"widget\" data-widget_type=\"tm-ele-section-title.default\">\n\t\t\t\t<div class=\"elementor-widget-container\">\n\t\t\t\t\t<div class=\"tm-sc-section-title section-title title-icon-pos-icon-left \">\r\n\t<div class=\"title-wrapper\">\r\n\t\t\t\t\r\n\r\n<div class=\"sub-title-outer\">\r\n\t\t<div class=\"subtitle \">\r\n\r\n\t\t\t\t<img decoding=\"async\" class=\"title-icon\" src=\"https:\/\/www.commcie.bj\/wp-content\/uploads\/2025\/12\/icon.png\" alt=\"icon\">\t\t\r\n\t\tQui sommes nous ?\t<\/div>\r\n\t<\/div>\t\t\t<h2 class=\"title tm-split-text split-in-right\" >\r\n\r\n\t\t\r\n\t\t\t\t<span class=\"title-part1 \">Contribuer \u00e0 la r\u00e9silience face au changement climatique<\/span>\r\n\t\t\r\n\t\t\t\t\t\t\t\r\n\t<\/h2>\r\n\t<div class=\"title-seperator-line\"><\/div>\t\t\t\t\t\t<\/div>\r\n<\/div>\t\t\t\t<\/div>\n\t\t\t\t<\/div>\n\t\t\t\t<\/div>\n\t\t<div class=\"elementor-element elementor-element-e61f279 e-con-full elementor-hidden-mobile animated-slow e-flex tm-col-stretched-none tm-bg-color-over-image elementor-invisible e-con e-child\" data-id=\"e61f279\" data-element_type=\"container\" data-settings=\"{&quot;background_background&quot;:&quot;classic&quot;,&quot;animation&quot;:&quot;fadeInUp&quot;}\">\n\t\t\t\t<div class=\"elementor-element elementor-element-327a179 elementor-widget elementor-widget-tm-ele-counter-block\" data-id=\"327a179\" data-element_type=\"widget\" data-widget_type=\"tm-ele-counter-block.default\">\n\t\t\t\t<div class=\"elementor-widget-container\">\n\t\t\t\t\t<!-- Counter block-->\r\n\r\n<div class=\"counter-item-style1 mascot-counter \" data-wow-delay=\"\">\r\n\t<div class=\"inner-box\">\r\n\t\t\t\t\t<h2 class=\"counter \">\r\n\t<span class=\"animate-number\" data-value=\"8\" data-animation-duration=\"1500\">0<\/span><span class=\"counter-postfix\">+<\/span><\/h2>\r\n\t\t\t\t\t\t\t<div class=\"title-wrapper\">\r\n\r\n<p class=\"title \">Ann\u00e9es <br>d'experience<\/p>\r\n<\/div>\t\t\t<\/div>\r\n<\/div>\t\t\t\t<\/div>\n\t\t\t\t<\/div>\n\t\t\t\t<\/div>\n\t\t\t\t<\/div>\n\t\t<div class=\"elementor-element elementor-element-51fd630 e-con-full e-flex tm-col-stretched-none tm-bg-color-over-image e-con e-child\" data-id=\"51fd630\" data-element_type=\"container\">\n\t\t<div class=\"elementor-element elementor-element-5a4f6a7 e-con-full e-flex tm-col-stretched-none tm-bg-color-over-image e-con e-child\" data-id=\"5a4f6a7\" data-element_type=\"container\" data-settings=\"{&quot;background_background&quot;:&quot;classic&quot;}\">\n\t\t\t\t<\/div>\n\t\t<div class=\"elementor-element elementor-element-130ada3 e-con-full e-flex tm-col-stretched-none tm-bg-color-over-image e-con e-child\" data-id=\"130ada3\" data-element_type=\"container\">\n\t\t\t\t<div class=\"elementor-element elementor-element-dfff8f2 elementor-widget elementor-widget-tm-ele-text-editor\" data-id=\"dfff8f2\" data-element_type=\"widget\" data-widget_type=\"tm-ele-text-editor.default\">\n\t\t\t\t<div class=\"elementor-widget-container\">\n\t\t\t\t\t\t\t<div class=\"tm-text-editor\" >\r\n\t\t<p>Nous nous engageons \u00e0 prot\u00e9ger et \u00e0 restaurer l'\u00e9quilibre naturel de notre plan\u00e8te. Notre mission est de cr\u00e9er des solutions durables qui r\u00e9pondent aux d\u00e9fis environnementaux et favorisent l'\u00e9cologie.<\/p>\t\t<\/div>\r\n\t\t\t\t\t<\/div>\n\t\t\t\t<\/div>\n\t\t<div class=\"elementor-element elementor-element-1d051ba e-con-full e-flex tm-col-stretched-none tm-bg-color-over-image e-con e-child\" data-id=\"1d051ba\" data-element_type=\"container\">\n\t\t\t\t<div class=\"elementor-element elementor-element-8ae7189 elementor-widget__width-initial elementor-widget elementor-widget-tm-ele-iconbox\" data-id=\"8ae7189\" data-element_type=\"widget\" data-widget_type=\"tm-ele-iconbox.default\">\n\t\t\t\t<div class=\"elementor-widget-container\">\n\t\t\t\t\t<div class=\"tm-sc-icon-box icon-box icon-top image icon-top animate-hover icon-rotate-y\">\r\n\t\r\n  \t<div class=\"icon-box-wrapper\">\r\n\t\t\r\n\t\t<div class=\"icon-wrapper\">\r\n\t\t<div class=\"icon icon-round icon-type-image icon-md\">\r\n\t\t\t<img decoding=\"async\" src=\"https:\/\/www.commcie.bj\/wp-content\/uploads\/2025\/11\/icon1.png\" width=\"50\" height=\"50\" alt=\"image\">\t\t<\/div>\r\n\r\n\t\t\t<\/div>\r\n\t\t\t<div class=\"icon-text\">\r\n\t\t\t\t\t\t\r\n\t\t\t\t<h5 class=\"icon-box-title \">\r\n\t\t\t\t\t\t\tImpact environnemental r\u00e9el\t\t\t\t\t<\/h5>\r\n\t\t\t\t\t\t\t\t\r\n\t\t\t\r\n\t\r\n\t\t\t\t\t<\/div>\r\n\t\t<div class=\"clearfix\"><\/div>\r\n\t<\/div>\r\n<\/div>\t\t\t\t<\/div>\n\t\t\t\t<\/div>\n\t\t\t\t<div class=\"elementor-element elementor-element-ad0e967 elementor-widget__width-initial elementor-widget elementor-widget-tm-ele-animated-layers\" data-id=\"ad0e967\" data-element_type=\"widget\" data-widget_type=\"tm-ele-animated-layers.default\">\n\t\t\t\t<div class=\"elementor-widget-container\">\n\t\t\t\t\t\t\t<div class=\"tm-sc-animated-layer-advanced \">\r\n\t\t\t<div class=\"animated-layer-advanced-inner clearfix\">\r\n\t<div class=\"layer-image-wrapper  layer-blank  elementor-repeater-item-443df99\" style=\"\">\r\n\t<div class=\"layer-inner\">\r\n\t<\/div>\r\n<\/div>\r\n\t\t\t<\/div>\r\n\t\t\t<div class=\"clearfix\"><\/div>\r\n\t\t<\/div>\r\n\t\t\t\t\t<\/div>\n\t\t\t\t<\/div>\n\t\t\t\t<div class=\"elementor-element elementor-element-68edb29 elementor-widget__width-initial elementor-widget elementor-widget-tm-ele-iconbox\" data-id=\"68edb29\" data-element_type=\"widget\" data-widget_type=\"tm-ele-iconbox.default\">\n\t\t\t\t<div class=\"elementor-widget-container\">\n\t\t\t\t\t<div class=\"tm-sc-icon-box icon-box icon-top image icon-top animate-hover icon-rotate-y\">\r\n\t\r\n  \t<div class=\"icon-box-wrapper\">\r\n\t\t\r\n\t\t<div class=\"icon-wrapper\">\r\n\t\t<div class=\"icon icon-round icon-type-image icon-md\">\r\n\t\t\t<img decoding=\"async\" src=\"https:\/\/www.commcie.bj\/wp-content\/uploads\/2025\/11\/icon2.png\" width=\"50\" height=\"50\" alt=\"image\">\t\t<\/div>\r\n\r\n\t\t\t<\/div>\r\n\t\t\t<div class=\"icon-text\">\r\n\t\t\t\t\t\t\r\n\t\t\t\t<h5 class=\"icon-box-title \">\r\n\t\t\t\t\t\t\tRespectueux de l'environnement et\ndurable\t\t\t\t\t<\/h5>\r\n\t\t\t\t\t\t\t\t\r\n\t\t\t\r\n\t\r\n\t\t\t\t\t<\/div>\r\n\t\t<div class=\"clearfix\"><\/div>\r\n\t<\/div>\r\n<\/div>\t\t\t\t<\/div>\n\t\t\t\t<\/div>\n\t\t\t\t<\/div>\n\t\t\t\t<\/div>\n\t\t\t\t<\/div>\n\t\t\t\t<\/div>\n\t\t<div class=\"elementor-element elementor-element-8edf5d3 e-con-full e-flex tm-col-stretched-none tm-bg-color-over-image e-con e-child\" data-id=\"8edf5d3\" data-element_type=\"container\" data-settings=\"{&quot;background_background&quot;:&quot;classic&quot;}\">\n\t\t\t\t<\/div>\n\t\t\t\t<\/div>\n\t\t<div class=\"elementor-element elementor-element-44556aa e-con-full e-flex tm-col-stretched-none tm-bg-color-over-image e-con e-parent\" data-id=\"44556aa\" data-element_type=\"container\">\n\t\t<div class=\"elementor-element elementor-element-6096dd7 e-con-full e-flex tm-col-stretched-none tm-bg-color-over-image e-con e-child\" data-id=\"6096dd7\" data-element_type=\"container\">\n\t\t\t\t<div class=\"elementor-element elementor-element-1612326 bg-animation-no bg-animation-dir-ltr elementor-widget elementor-widget-tm-ele-dropcaps\" data-id=\"1612326\" data-element_type=\"widget\" data-settings=\"{&quot;bg_animation_speed&quot;:20}\" data-widget_type=\"tm-ele-dropcaps.default\">\n\t\t\t\t<div class=\"elementor-widget-container\">\n\t\t\t\t\t<div class=\"tm-image-background-text-effect\">\r\n            <h4 class=\"text\">\r\n          Environnement &amp; Ecologie      <\/h4>\r\n            <\/div>\t\t\t\t<\/div>\n\t\t\t\t<\/div>\n\t\t\t\t<div class=\"elementor-element elementor-element-7ca8d81 elementor-widget__width-initial elementor-hidden-tablet elementor-hidden-mobile animated-slow elementor-invisible elementor-widget elementor-widget-tm-ele-floating-objects\" data-id=\"7ca8d81\" data-element_type=\"widget\" data-settings=\"{&quot;_animation&quot;:&quot;fadeInUp&quot;}\" data-widget_type=\"tm-ele-floating-objects.default\">\n\t\t\t\t<div class=\"elementor-widget-container\">\n\t\t\t\t\t\t\t<div class=\"tm-ele-floating-objects \">\r\n\t<span class=\"each-object elementor-repeater-item-2eb8537   \"  style=\"background-image: url(https:\/\/www.commcie.bj\/wp-content\/uploads\/2025\/11\/shape2.png);\"><\/span>\t\t<\/div>\r\n\t\t\t\t\t<\/div>\n\t\t\t\t<\/div>\n\t\t\t\t<\/div>\n\t\t\t\t<\/div>\n\t\t<div class=\"elementor-element elementor-element-b8f2780 e-con-full e-flex tm-col-stretched-none tm-bg-color-over-image e-con e-parent\" data-id=\"b8f2780\" data-element_type=\"container\">\n\t\t<div class=\"elementor-element elementor-element-a24c1db e-con-full e-flex tm-col-stretched-none tm-bg-color-over-image e-con e-child\" data-id=\"a24c1db\" data-element_type=\"container\">\n\t\t<div class=\"elementor-element elementor-element-2715be7 e-con-full tm-col-stretched-none e-flex tm-bg-color-over-image e-con e-child\" data-id=\"2715be7\" data-element_type=\"container\">\n\t\t\t\t<div class=\"elementor-element elementor-element-b3f6506 horizontal-line-align-left vertical-line-align-bottom elementor-widget elementor-widget-tm-ele-section-title\" data-id=\"b3f6506\" data-element_type=\"widget\" data-widget_type=\"tm-ele-section-title.default\">\n\t\t\t\t<div class=\"elementor-widget-container\">\n\t\t\t\t\t<div class=\"tm-sc-section-title section-title title-icon-pos-icon-left \">\r\n\t<div class=\"title-wrapper\">\r\n\t\t\t\t\r\n\r\n<div class=\"sub-title-outer\">\r\n\t\t<div class=\"subtitle \">\r\n\r\n\t\t\t\t<img decoding=\"async\" class=\"title-icon\" src=\"https:\/\/www.commcie.bj\/wp-content\/uploads\/2025\/12\/icon.png\" alt=\"icon\">\t\t\r\n\t\tNos solutions vertes\t<\/div>\r\n\t<\/div>\t\t\t<h2 class=\"title tm-split-text split-in-right\" >\r\n\r\n\t\t\r\n\t\t\t\t<span class=\"title-part1 \">Les services \u00e9cologiques font la diff\u00e9rence.<\/span>\r\n\t\t\r\n\t\t\t\t\t\t\t\r\n\t<\/h2>\r\n\t<div class=\"title-seperator-line\"><\/div>\t\t\t\t\t\t<\/div>\r\n<\/div>\t\t\t\t<\/div>\n\t\t\t\t<\/div>\n\t\t\t\t<div class=\"elementor-element elementor-element-2248f4c elementor-invisible elementor-widget elementor-widget-tm-ele-text-editor\" data-id=\"2248f4c\" data-element_type=\"widget\" data-settings=\"{&quot;_animation&quot;:&quot;fadeInUp&quot;,&quot;_animation_delay&quot;:300}\" data-widget_type=\"tm-ele-text-editor.default\">\n\t\t\t\t<div class=\"elementor-widget-container\">\n\t\t\t\t\t\t\t<div class=\"tm-text-editor\" >\r\n\t\t<p>Nous proposons des solutions globales qui favorisent un \u00e9quilibre entre nature et progr\u00e8s. Nous collaborons \u00e9troitement avec les entreprises, les collectivit\u00e9s et les organisations pour r\u00e9duire l'impact environnemental et pr\u00e9server l'environnement.<\/p>\t\t<\/div>\r\n\t\t\t\t\t<\/div>\n\t\t\t\t<\/div>\n\t\t\t\t<div class=\"elementor-element elementor-element-6e5ea62 elementor-widget elementor-widget-tm-ele-floating-objects\" data-id=\"6e5ea62\" data-element_type=\"widget\" data-widget_type=\"tm-ele-floating-objects.default\">\n\t\t\t\t<div class=\"elementor-widget-container\">\n\t\t\t\t\t\t\t<div class=\"tm-ele-floating-objects \">\r\n\t<span class=\"each-object elementor-repeater-item-fec376f  tm-animation-floating \"  style=\"background-image: url(https:\/\/www.commcie.bj\/wp-content\/uploads\/2025\/11\/shape4.png);\"><\/span><span class=\"each-object elementor-repeater-item-1e1bfe8  tm-animation-floating \"  style=\"background-image: url(https:\/\/www.commcie.bj\/wp-content\/uploads\/2025\/11\/shape5.png);\"><\/span>\t\t<\/div>\r\n\t\t\t\t\t<\/div>\n\t\t\t\t<\/div>\n\t\t\t\t<\/div>\n\t\t\t\t<\/div>\n\t\t<div class=\"elementor-element elementor-element-21977c2 e-con-full tm-col-stretched-none e-flex tm-bg-color-over-image e-con e-child\" data-id=\"21977c2\" data-element_type=\"container\" data-settings=\"{&quot;background_background&quot;:&quot;classic&quot;}\">\n\t\t\t\t<\/div>\n\t\t\t\t<\/div>\n\t\t<div class=\"elementor-element elementor-element-e353135 e-flex e-con-boxed tm-col-stretched-none tm-bg-color-over-image e-con e-parent\" data-id=\"e353135\" data-element_type=\"container\">\n\t\t\t\t\t<div class=\"e-con-inner\">\n\t\t<div class=\"elementor-element elementor-element-ac28464 e-con-full e-flex tm-col-stretched-none tm-bg-color-over-image e-con e-child\" data-id=\"ac28464\" data-element_type=\"container\">\n\t\t\t\t<div class=\"elementor-element elementor-element-4009421 elementor-widget elementor-widget-tm-ele-moving-text-repeater\" data-id=\"4009421\" data-element_type=\"widget\" data-widget_type=\"tm-ele-moving-text-repeater.default\">\n\t\t\t\t<div class=\"elementor-widget-container\">\n\t\t\t\t\t        <div class=\"tm-marquee-parent\">\r\n\t\t\t<div class=\"tm-marquee-repeater  \">\r\n\t\t\t\t<div class=\"tm-marquee-group\">\r\n\t\t\t\t\t\t\t\t\t\t<div class=\"text\" data-text=\"Environment &amp; Ecology Services\">Environment &amp; Ecology Services<\/div>\r\n\t\t\t\t\t<span class=\"text divider \">\r\n\t\t\t\t\t\t\t\t\t\t\t\t\t\t\t\t\t<\/span>\r\n\t\t\t\t\t\t\t\t\t\t<div class=\"text\" data-text=\"Environment &amp; Ecology Services\">Environment &amp; Ecology Services<\/div>\r\n\t\t\t\t\t<span class=\"text divider \">\r\n\t\t\t\t\t\t\t\t\t\t\t\t\t\t\t\t\t<\/span>\r\n\t\t\t\t\t\t\t\t\t<\/div>\r\n\r\n\t\t\t\t<div aria-hidden=\"true\" class=\"tm-marquee-group\">\r\n\t\t\t\t\t\t\t\t\t\t<div class=\"text\" data-text=\"Environment &amp; Ecology Services\">Environment &amp; Ecology Services<\/div>\r\n\t\t\t\t\t<span class=\"text divider\">\r\n\t\t\t\t\t\t\t\t\t\t\t\t\t\t\t\t\t<\/span>\r\n\t\t\t\t\t\t\t\t\t\t<div class=\"text\" data-text=\"Environment &amp; Ecology Services\">Environment &amp; Ecology Services<\/div>\r\n\t\t\t\t\t<span class=\"text divider\">\r\n\t\t\t\t\t\t\t\t\t\t\t\t\t\t\t\t\t<\/span>\r\n\t\t\t\t\t\t\t\t\t<\/div>\r\n\t\t\t<\/div>\r\n        <\/div>\r\n\t\t\t\t\t\t<\/div>\n\t\t\t\t<\/div>\n\t\t\t\t<\/div>\n\t\t<div class=\"elementor-element elementor-element-dbe1e86 e-con-full e-flex tm-col-stretched-none tm-bg-color-over-image e-con e-child\" data-id=\"dbe1e86\" data-element_type=\"container\">\n\t\t\t\t<div class=\"elementor-element elementor-element-e8381ce horizontal-line-align-left vertical-line-align-bottom elementor-widget elementor-widget-tm-ele-section-title\" data-id=\"e8381ce\" data-element_type=\"widget\" data-widget_type=\"tm-ele-section-title.default\">\n\t\t\t\t<div class=\"elementor-widget-container\">\n\t\t\t\t\t<div class=\"tm-sc-section-title section-title \">\r\n\t<div class=\"title-wrapper\">\r\n\t\t\t\t\t\t\t<h2 class=\"title tm-split-text split-in-right\" >\r\n\r\n\t\t\r\n\t\t\t\t<span class=\"title-part1 \">Travailler avec la nature pour fa\u00e7onner\nun monde meilleur<\/span>\r\n\t\t\r\n\t\t\t\t\t\t\t\r\n\t<\/h2>\r\n\t<div class=\"title-seperator-line\"><\/div>\t\t\t\t\t\t<\/div>\r\n<\/div>\t\t\t\t<\/div>\n\t\t\t\t<\/div>\n\t\t\t\t<\/div>\n\t\t<div class=\"elementor-element elementor-element-3b70981 e-con-full e-flex tm-col-stretched-none tm-bg-color-over-image e-con e-child\" data-id=\"3b70981\" data-element_type=\"container\">\n\t\t<div class=\"elementor-element elementor-element-7aa1675 e-con-full e-flex tm-col-stretched-none tm-bg-color-over-image e-con e-child\" data-id=\"7aa1675\" data-element_type=\"container\" data-settings=\"{&quot;background_background&quot;:&quot;classic&quot;}\">\n\t\t<div class=\"elementor-element elementor-element-d640612 e-con-full e-flex tm-col-stretched-none tm-bg-color-over-image e-con e-child\" data-id=\"d640612\" data-element_type=\"container\" data-settings=\"{&quot;background_background&quot;:&quot;classic&quot;}\">\n\t\t\t\t<\/div>\n\t\t\t\t<\/div>\n\t\t<div class=\"elementor-element elementor-element-d1cd26f e-con-full e-flex tm-col-stretched-none tm-bg-color-over-image e-con e-child\" data-id=\"d1cd26f\" data-element_type=\"container\">\n\t\t\t\t<div class=\"elementor-element elementor-element-a29e214 elementor-widget elementor-widget-tm-ele-features-block\" data-id=\"a29e214\" data-element_type=\"widget\" data-widget_type=\"tm-ele-features-block.skin-style1\">\n\t\t\t\t<div class=\"elementor-widget-container\">\n\t\t\t\t\t\t<div class=\"tm-sc-features tm-features-grid\">\r\n\t\t<!-- Isotope Gallery Grid -->\r\n\t\t<div id=\"features-block-holder-654191\" class=\"isotope-layout grid-1 gutter-10 clearfix\">\r\n\t\t\t<div class=\"isotope-layout-inner\">\r\n\t\t\t\t<!-- the loop -->\r\n\t\t\t\t\t\t\t\t\t\t\t\t\t\t\t\t<div class=\"isotope-item features-item elementor-repeater-item-b7acac8 wow fadeInUp\" data-wow-delay=\"300ms\">\r\n\t\t\t\t\t\r\n<div class=\"features-block features-block-style1\">\r\n  <div class=\"inner-block\">\r\n    <div class=\"icon-box\">\r\n      \r\n\t\t\r\n\t\t<img decoding=\"async\" src=\"https:\/\/www.commcie.bj\/wp-content\/uploads\/2025\/11\/theme-icon2.png\" width=\"35\" height=\"35\" alt=\"\">    <\/div>\r\n    <div class=\"count\">01<\/div>\r\n    <div class=\"content\">\r\n      \r\n\t\t<h4 class=\"features-title\">\r\n\t\t\t\t\tGestion des risques environnementaux\t\t\t<\/h4>\r\n\t      <div class=\"text\">Notre service de gestion des risques environnementaux est con\u00e7u pour aider les organisations \u00e0 identifier, \u00e9valuer et minimiser les risques.<\/div>\r\n\r\n            <div class=\"btn-box\">\r\n        <a class=\"btn-service-style\" href=\"\">\r\n          <span class=\"btn-title\">Lire plus<\/span> <i class=\"btn-icon-arrow fa fa-arrow-right\"><\/i>\r\n        <\/a>\r\n      <\/div>\r\n      \r\n    <\/div>\r\n  <\/div>\r\n<\/div>\t\t\t\t<\/div>\r\n\t\t\t\t\t\t\t\t\t\t\t\t\t\t\t\t<div class=\"isotope-item features-item elementor-repeater-item-e675f67 wow fadeInUp\" data-wow-delay=\"500ms\">\r\n\t\t\t\t\t\r\n<div class=\"features-block features-block-style1\">\r\n  <div class=\"inner-block\">\r\n    <div class=\"icon-box\">\r\n      \r\n\t\t\r\n\t\t<img loading=\"lazy\" decoding=\"async\" src=\"https:\/\/www.commcie.bj\/wp-content\/uploads\/2025\/11\/theme-icon1.png\" width=\"35\" height=\"35\" alt=\"\">    <\/div>\r\n    <div class=\"count\">02<\/div>\r\n    <div class=\"content\">\r\n      \r\n\t\t<h4 class=\"features-title\">\r\n\t\t\t\t\tReboisement et plantation d'arbres\t\t\t<\/h4>\r\n\t      <div class=\"text\">Nous \u0153uvrons \u00e0 la plantation d\u2019arbres et \u00e0 la restauration des \u00e9cosyst\u00e8mes pour renforcer la r\u00e9silience climatique et am\u00e9liorer durablement la vie des communaut\u00e9s.<\/div>\r\n\r\n            <div class=\"btn-box\">\r\n        <a class=\"btn-service-style\" href=\"\">\r\n          <span class=\"btn-title\">Lire plus<\/span> <i class=\"btn-icon-arrow fa fa-arrow-right\"><\/i>\r\n        <\/a>\r\n      <\/div>\r\n      \r\n    <\/div>\r\n  <\/div>\r\n<\/div>\t\t\t\t<\/div>\r\n\t\t\t\t\t\t\t\t\t\t\t\t\t\t\t\t<div class=\"isotope-item features-item elementor-repeater-item-499e83d wow fadeInUp\" data-wow-delay=\"700ms\">\r\n\t\t\t\t\t\r\n<div class=\"features-block features-block-style1\">\r\n  <div class=\"inner-block\">\r\n    <div class=\"icon-box\">\r\n      \r\n\t\t\r\n\t\t<img loading=\"lazy\" decoding=\"async\" src=\"https:\/\/www.commcie.bj\/wp-content\/uploads\/2025\/11\/theme-icon3.png\" width=\"35\" height=\"35\" alt=\"\">    <\/div>\r\n    <div class=\"count\">03<\/div>\r\n    <div class=\"content\">\r\n      \r\n\t\t<h4 class=\"features-title\">\r\n\t\t\t\t\tSolutions d'\u00e9nergie renouvelable\t\t\t<\/h4>\r\n\t      <div class=\"text\">Nous d\u00e9veloppons des solutions d\u2019\u00e9nergie propre pour renforcer l\u2019autonomie des communaut\u00e9s et r\u00e9duire durablement l\u2019impact environnemental.<\/div>\r\n\r\n            <div class=\"btn-box\">\r\n        <a class=\"btn-service-style\" href=\"\">\r\n          <span class=\"btn-title\">Lire plus<\/span> <i class=\"btn-icon-arrow fa fa-arrow-right\"><\/i>\r\n        <\/a>\r\n      <\/div>\r\n      \r\n    <\/div>\r\n  <\/div>\r\n<\/div>\t\t\t\t<\/div>\r\n\t\t\t\t\t\t\t\t\t\t\t\t\t\t\t\t<div class=\"isotope-item features-item elementor-repeater-item-428fafe wow fadeInUp\" data-wow-delay=\"900ms\">\r\n\t\t\t\t\t\r\n<div class=\"features-block features-block-style1\">\r\n  <div class=\"inner-block\">\r\n    <div class=\"icon-box\">\r\n      \r\n\t\t\r\n\t\t<img loading=\"lazy\" decoding=\"async\" src=\"https:\/\/www.commcie.bj\/wp-content\/uploads\/2025\/11\/theme-icon4.png\" width=\"36\" height=\"35\" alt=\"\">    <\/div>\r\n    <div class=\"count\">04<\/div>\r\n    <div class=\"content\">\r\n      \r\n\t\t<h4 class=\"features-title\">\r\n\t\t\t\t\tRestauration des terres et conservation des sols\t\t\t<\/h4>\r\n\t      <div class=\"text\">Nous restaurons les terres d\u00e9grad\u00e9es et prot\u00e9geons les sols afin de renforcer la r\u00e9silience des \u00e9cosyst\u00e8mes et soutenir durablement les moyens de subsistance des communaut\u00e9s.<\/div>\r\n\r\n            <div class=\"btn-box\">\r\n        <a class=\"btn-service-style\" href=\"\">\r\n          <span class=\"btn-title\">Lire plus<\/span> <i class=\"btn-icon-arrow fa fa-arrow-right\"><\/i>\r\n        <\/a>\r\n      <\/div>\r\n      \r\n    <\/div>\r\n  <\/div>\r\n<\/div>\t\t\t\t<\/div>\r\n\t\t\t\t\t\t\t\t<!-- end of the loop -->\r\n\t\t\t<\/div>\r\n\t\t<\/div>\r\n\t\t\t<\/div>\r\n\r\n\t\t\t\t<\/div>\n\t\t\t\t<\/div>\n\t\t\t\t<\/div>\n\t\t\t\t<\/div>\n\t\t<div class=\"elementor-element elementor-element-808aa5e e-con-full e-flex tm-col-stretched-none tm-bg-color-over-image e-con e-child\" data-id=\"808aa5e\" data-element_type=\"container\">\n\t\t\t\t<div class=\"elementor-element elementor-element-1d9f5e7 elementor-hidden-tablet elementor-hidden-mobile elementor-widget elementor-widget-tm-ele-floating-objects\" data-id=\"1d9f5e7\" data-element_type=\"widget\" data-widget_type=\"tm-ele-floating-objects.default\">\n\t\t\t\t<div class=\"elementor-widget-container\">\n\t\t\t\t\t\t\t<div class=\"tm-ele-floating-objects \">\r\n\t<span class=\"each-object elementor-repeater-item-ecff501   \"  style=\"background-image: url(https:\/\/www.commcie.bj\/wp-content\/uploads\/2025\/11\/shape.png); z-index: -1;\"><\/span>\t\t<\/div>\r\n\t\t\t\t\t<\/div>\n\t\t\t\t<\/div>\n\t\t\t\t<\/div>\n\t\t\t\t\t<\/div>\n\t\t\t\t<\/div>\n\t\t<div class=\"elementor-element elementor-element-435dd6e e-flex e-con-boxed tm-col-stretched-none tm-bg-color-over-image e-con e-parent\" data-id=\"435dd6e\" data-element_type=\"container\">\n\t\t\t\t\t<div class=\"e-con-inner\">\n\t\t<div class=\"elementor-element elementor-element-40cd6b1 e-con-full e-flex tm-col-stretched-none tm-bg-color-over-image e-con e-child\" data-id=\"40cd6b1\" data-element_type=\"container\">\n\t\t<div class=\"elementor-element elementor-element-14edca2 e-con-full e-flex tm-col-stretched-none tm-bg-color-over-image e-con e-child\" data-id=\"14edca2\" data-element_type=\"container\">\n\t\t\t\t<\/div>\n\t\t\t\t<\/div>\n\t\t\t\t\t<\/div>\n\t\t\t\t<\/div>\n\t\t\t\t<\/div>\n\t\t","protected":false},"excerpt":{"rendered":"<p>Qui sommes nous ? Contribuer \u00e0 la r\u00e9silience face au changement climatique 0+ Ann\u00e9es d&#8217;experience Nous nous engageons \u00e0 prot\u00e9ger&#8230;<\/p>\n","protected":false},"author":1,"featured_media":0,"parent":0,"menu_order":0,"comment_status":"closed","ping_status":"closed","template":"","meta":{"give_campaign_id":0,"_monsterinsights_skip_tracking":false,"_monsterinsights_sitenote_active":false,"_monsterinsights_sitenote_note":"","_monsterinsights_sitenote_category":0,"footnotes":""},"class_list":["post-4044","page","type-page","status-publish","hentry"],"aioseo_notices":[],"campaignId":"","_links":{"self":[{"href":"https:\/\/www.commcie.bj\/index.php\/wp-json\/wp\/v2\/pages\/4044","targetHints":{"allow":["GET"]}}],"collection":[{"href":"https:\/\/www.commcie.bj\/index.php\/wp-json\/wp\/v2\/pages"}],"about":[{"href":"https:\/\/www.commcie.bj\/index.php\/wp-json\/wp\/v2\/types\/page"}],"author":[{"embeddable":true,"href":"https:\/\/www.commcie.bj\/index.php\/wp-json\/wp\/v2\/users\/1"}],"replies":[{"embeddable":true,"href":"https:\/\/www.commcie.bj\/index.php\/wp-json\/wp\/v2\/comments?post=4044"}],"version-history":[{"count":21,"href":"https:\/\/www.commcie.bj\/index.php\/wp-json\/wp\/v2\/pages\/4044\/revisions"}],"predecessor-version":[{"id":5522,"href":"https:\/\/www.commcie.bj\/index.php\/wp-json\/wp\/v2\/pages\/4044\/revisions\/5522"}],"wp:attachment":[{"href":"https:\/\/www.commcie.bj\/index.php\/wp-json\/wp\/v2\/media?parent=4044"}],"curies":[{"name":"wp","href":"https:\/\/api.w.org\/{rel}","templated":true}]}}